{"id":102,"date":"2023-09-06T15:21:03","date_gmt":"2023-09-06T13:21:03","guid":{"rendered":"https:\/\/ed-neptune-plongee.fr\/?page_id=102"},"modified":"2023-09-06T15:21:03","modified_gmt":"2023-09-06T13:21:03","slug":"annexe-eau-douce","status":"publish","type":"page","link":"https:\/\/ed-neptune-plongee.fr\/index.php\/annexe-eau-douce\/","title":{"rendered":"Annexe eau douce"},"content":{"rendered":"\n<p><strong>La vie en eau douce &#8211; Annexe \u00e9lectronique t\u00e9l\u00e9chargeable<\/strong><\/p>\n\n\n\n<p><strong>Plantes aquatiques \u00e9merg\u00e9es &amp; lichens, 124 pages<\/strong><\/p>\n\n\n\n<p>&nbsp;____<\/p>\n\n\n\n<p>Cette annexe est soumise au droit d\u2019auteur et au copyright.\u00a0Cependant, en d\u00e9rogation de ces r\u00e8gles et de ces lois, elle est librement et gratuitement t\u00e9l\u00e9chargeable et imprimable pour un usage personnel et priv\u00e9.\u00a0<\/p>\n\n\n\n<p><strong><a target=\"_blank\" href=\"https:\/\/www.dropbox.com\/s\/t9p53f89iw6px2e\/Livre_Eau_Douce_Annexe.pdf?dl=0\" rel=\"noreferrer noopener\">lien<\/a>&nbsp;de t\u00e9l\u00e9chargement de l&rsquo;annexe au livre (14 Mo)<\/strong><\/p>\n\n\n\n<figure class=\"wp-block-image size-large\"><img loading=\"lazy\" decoding=\"async\" width=\"724\" height=\"1024\" src=\"https:\/\/ed-neptune-plongee.fr\/wp-content\/uploads\/2023\/09\/Annexe_eau-douce-plante-lichens-ENP-724x1024.jpg\" alt=\"\" class=\"wp-image-103\" srcset=\"https:\/\/ed-neptune-plongee.fr\/wp-content\/uploads\/2023\/09\/Annexe_eau-douce-plante-lichens-ENP-724x1024.jpg 724w, https:\/\/ed-neptune-plongee.fr\/wp-content\/uploads\/2023\/09\/Annexe_eau-douce-plante-lichens-ENP-212x300.jpg 212w, https:\/\/ed-neptune-plongee.fr\/wp-content\/uploads\/2023\/09\/Annexe_eau-douce-plante-lichens-ENP-768x1087.jpg 768w, https:\/\/ed-neptune-plongee.fr\/wp-content\/uploads\/2023\/09\/Annexe_eau-douce-plante-lichens-ENP-1086x1536.jpg 1086w, https:\/\/ed-neptune-plongee.fr\/wp-content\/uploads\/2023\/09\/Annexe_eau-douce-plante-lichens-ENP-1448x2048.jpg 1448w, https:\/\/ed-neptune-plongee.fr\/wp-content\/uploads\/2023\/09\/Annexe_eau-douce-plante-lichens-ENP-1200x1698.jpg 1200w, https:\/\/ed-neptune-plongee.fr\/wp-content\/uploads\/2023\/09\/Annexe_eau-douce-plante-lichens-ENP.jpg 1548w\" sizes=\"auto, (max-width: 724px) 100vw, 724px\" \/><\/figure>\n","protected":false},"excerpt":{"rendered":"<p>La vie en eau douce &#8211; Annexe \u00e9lectronique t\u00e9l\u00e9chargeable Plantes aquatiques \u00e9merg\u00e9es &amp; lichens, 124 pages &nbsp;____ Cette annexe est soumise au droit d\u2019auteur et au copyright.\u00a0Cependant, en d\u00e9rogation de ces r\u00e8gles et de ces lois, elle est librement et gratuitement t\u00e9l\u00e9chargeable et imprimable pour un usage personnel et priv\u00e9.\u00a0 lien&nbsp;de t\u00e9l\u00e9chargement de l&rsquo;annexe au [&hellip;]<\/p>\n","protected":false},"author":1,"featured_media":0,"parent":0,"menu_order":0,"comment_status":"closed","ping_status":"closed","template":"","meta":{"footnotes":""},"class_list":["post-102","page","type-page","status-publish","hentry"],"_links":{"self":[{"href":"https:\/\/ed-neptune-plongee.fr\/index.php\/wp-json\/wp\/v2\/pages\/102","targetHints":{"allow":["GET"]}}],"collection":[{"href":"https:\/\/ed-neptune-plongee.fr\/index.php\/wp-json\/wp\/v2\/pages"}],"about":[{"href":"https:\/\/ed-neptune-plongee.fr\/index.php\/wp-json\/wp\/v2\/types\/page"}],"author":[{"embeddable":true,"href":"https:\/\/ed-neptune-plongee.fr\/index.php\/wp-json\/wp\/v2\/users\/1"}],"replies":[{"embeddable":true,"href":"https:\/\/ed-neptune-plongee.fr\/index.php\/wp-json\/wp\/v2\/comments?post=102"}],"version-history":[{"count":1,"href":"https:\/\/ed-neptune-plongee.fr\/index.php\/wp-json\/wp\/v2\/pages\/102\/revisions"}],"predecessor-version":[{"id":104,"href":"https:\/\/ed-neptune-plongee.fr\/index.php\/wp-json\/wp\/v2\/pages\/102\/revisions\/104"}],"wp:attachment":[{"href":"https:\/\/ed-neptune-plongee.fr\/index.php\/wp-json\/wp\/v2\/media?parent=102"}],"curies":[{"name":"wp","href":"https:\/\/api.w.org\/{rel}","templated":true}]}}