{"id":5,"date":"2023-09-01T18:50:19","date_gmt":"2023-09-01T16:50:19","guid":{"rendered":"http:\/\/ed-neptune-plongee.fr\/?page_id=5"},"modified":"2025-12-07T21:52:27","modified_gmt":"2025-12-07T20:52:27","slug":"editions-neptune-plongee","status":"publish","type":"page","link":"https:\/\/ed-neptune-plongee.fr\/","title":{"rendered":"Editions Neptune Plong\u00e9e"},"content":{"rendered":"\n<p class=\"has-accent-color has-subtle-background-background-color has-text-color has-background has-link-color has-large-font-size wp-elements-866f0e243eac597522b0785503af6d24\">Decembre 2025 : Nos amis naturalistes de <a href=\"https:\/\/www.mer-littoral.org\/index.php\">Mer &amp; Littoral<\/a> dont les publications associatives sont parfaitement compl\u00e9mentaires \u00e0 celles des Editions Neptune Plong\u00e9e, sortent le <a href=\"https:\/\/www.mer-littoral.org\/guide-anthozoaires.php\">Guide des Anthozoaires de l&rsquo;Europe de l&rsquo;Ouest<\/a>.<\/p>\n\n\n\n<figure class=\"wp-block-gallery has-nested-images columns-default is-cropped wp-block-gallery-1 is-layout-flex wp-block-gallery-is-layout-flex\">\n<figure class=\"wp-block-image size-large\"><img loading=\"lazy\" decoding=\"async\" width=\"200\" height=\"278\" data-id=\"138\" src=\"https:\/\/ed-neptune-plongee.fr\/wp-content\/uploads\/2025\/10\/guide-anthozoaires-europe-ouest.png\" alt=\"\" class=\"wp-image-138\"\/><\/figure>\n\n\n\n<figure class=\"wp-block-image size-large\"><img loading=\"lazy\" decoding=\"async\" width=\"250\" height=\"364\" data-id=\"139\" src=\"https:\/\/ed-neptune-plongee.fr\/wp-content\/uploads\/2025\/10\/page-027.png\" alt=\"\" class=\"wp-image-139\" srcset=\"https:\/\/ed-neptune-plongee.fr\/wp-content\/uploads\/2025\/10\/page-027.png 250w, https:\/\/ed-neptune-plongee.fr\/wp-content\/uploads\/2025\/10\/page-027-206x300.png 206w\" sizes=\"auto, (max-width: 250px) 100vw, 250px\" \/><\/figure>\n\n\n\n<figure class=\"wp-block-image size-large\"><img loading=\"lazy\" decoding=\"async\" width=\"250\" height=\"364\" data-id=\"143\" src=\"https:\/\/ed-neptune-plongee.fr\/wp-content\/uploads\/2025\/10\/page-081.png\" alt=\"\" class=\"wp-image-143\" srcset=\"https:\/\/ed-neptune-plongee.fr\/wp-content\/uploads\/2025\/10\/page-081.png 250w, https:\/\/ed-neptune-plongee.fr\/wp-content\/uploads\/2025\/10\/page-081-206x300.png 206w\" sizes=\"auto, (max-width: 250px) 100vw, 250px\" \/><\/figure>\n<\/figure>\n\n\n\n<p><strong><a href=\"https:\/\/www.dropbox.com\/scl\/fi\/5mtaddhcin6dv5cfy7aah\/Formulaire-2020-12-01-Ventes-Rivage-Eponges-ED.pdf?rlkey=ixsdcjfumbcz8c1302ygi2bam&amp;dl=0\">Formulaire de commande<\/a><\/strong> (ENP)<\/p>\n\n\n\n<p><strong><a href=\"mailto:editionsneptuneplongee@gmail.com\">editionsneptuneplongee@gmail.com<\/a><\/strong><\/p>\n\n\n\n<p class=\"has-text-align-left\">Gr\u00e2ce au succ\u00e8s des livres&nbsp;<br>\u00ab\u00a0La vie en eau douce &#8211; les carnets du plongeur\u00a0\u00bb,<br>\u00ab\u00a0Bryozoaires d&rsquo;Europe &#8211; les carnets du plongeur\u00a0\u00bb (<strong>actuellement \u00e9puis\u00e9<\/strong>)<br>et \u00ab\u00a0Spongiaires de France &#8211; les carnets du plongeur\u00a0\u00bb <br>nous compl\u00e9tons notre collection de livres destin\u00e9s aux plongeurs int\u00e9ress\u00e9s par la vie qui les entoure ainsi qu&rsquo;aux naturalistes et pratiquants des bords de mer.<\/p>\n\n\n\n<figure class=\"wp-block-image size-large\"><img loading=\"lazy\" decoding=\"async\" width=\"697\" height=\"1024\" src=\"https:\/\/ed-neptune-plongee.fr\/wp-content\/uploads\/2023\/09\/Couv-Estran-2020-697x1024.jpg\" alt=\"\" class=\"wp-image-73\" srcset=\"https:\/\/ed-neptune-plongee.fr\/wp-content\/uploads\/2023\/09\/Couv-Estran-2020-697x1024.jpg 697w, https:\/\/ed-neptune-plongee.fr\/wp-content\/uploads\/2023\/09\/Couv-Estran-2020-204x300.jpg 204w, https:\/\/ed-neptune-plongee.fr\/wp-content\/uploads\/2023\/09\/Couv-Estran-2020-768x1128.jpg 768w, https:\/\/ed-neptune-plongee.fr\/wp-content\/uploads\/2023\/09\/Couv-Estran-2020-1045x1536.jpg 1045w, https:\/\/ed-neptune-plongee.fr\/wp-content\/uploads\/2023\/09\/Couv-Estran-2020.jpg 1078w\" sizes=\"auto, (max-width: 697px) 100vw, 697px\" \/><\/figure>\n\n\n<div class=\"wp-block-image\">\n<figure class=\"aligncenter size-large\"><img loading=\"lazy\" decoding=\"async\" width=\"211\" height=\"1024\" src=\"https:\/\/ed-neptune-plongee.fr\/wp-content\/uploads\/2023\/09\/Capture-decran-2020-10-31-a-20_00_58-211x1024.jpg\" alt=\"\" class=\"wp-image-15\" srcset=\"https:\/\/ed-neptune-plongee.fr\/wp-content\/uploads\/2023\/09\/Capture-decran-2020-10-31-a-20_00_58-211x1024.jpg 211w, https:\/\/ed-neptune-plongee.fr\/wp-content\/uploads\/2023\/09\/Capture-decran-2020-10-31-a-20_00_58-62x300.jpg 62w, https:\/\/ed-neptune-plongee.fr\/wp-content\/uploads\/2023\/09\/Capture-decran-2020-10-31-a-20_00_58.jpg 290w\" sizes=\"auto, (max-width: 211px) 100vw, 211px\" \/><\/figure>\n<\/div>","protected":false},"excerpt":{"rendered":"<p>Decembre 2025 : Nos amis naturalistes de Mer &amp; Littoral dont les publications associatives sont parfaitement compl\u00e9mentaires \u00e0 celles des Editions Neptune Plong\u00e9e, sortent le Guide des Anthozoaires de l&rsquo;Europe de l&rsquo;Ouest. Formulaire de commande (ENP) editionsneptuneplongee@gmail.com Gr\u00e2ce au succ\u00e8s des livres&nbsp;\u00ab\u00a0La vie en eau douce &#8211; les carnets du plongeur\u00a0\u00bb,\u00ab\u00a0Bryozoaires d&rsquo;Europe &#8211; les carnets [&hellip;]<\/p>\n","protected":false},"author":1,"featured_media":0,"parent":0,"menu_order":0,"comment_status":"closed","ping_status":"closed","template":"","meta":{"footnotes":""},"class_list":["post-5","page","type-page","status-publish","hentry"],"_links":{"self":[{"href":"https:\/\/ed-neptune-plongee.fr\/index.php\/wp-json\/wp\/v2\/pages\/5","targetHints":{"allow":["GET"]}}],"collection":[{"href":"https:\/\/ed-neptune-plongee.fr\/index.php\/wp-json\/wp\/v2\/pages"}],"about":[{"href":"https:\/\/ed-neptune-plongee.fr\/index.php\/wp-json\/wp\/v2\/types\/page"}],"author":[{"embeddable":true,"href":"https:\/\/ed-neptune-plongee.fr\/index.php\/wp-json\/wp\/v2\/users\/1"}],"replies":[{"embeddable":true,"href":"https:\/\/ed-neptune-plongee.fr\/index.php\/wp-json\/wp\/v2\/comments?post=5"}],"version-history":[{"count":23,"href":"https:\/\/ed-neptune-plongee.fr\/index.php\/wp-json\/wp\/v2\/pages\/5\/revisions"}],"predecessor-version":[{"id":166,"href":"https:\/\/ed-neptune-plongee.fr\/index.php\/wp-json\/wp\/v2\/pages\/5\/revisions\/166"}],"wp:attachment":[{"href":"https:\/\/ed-neptune-plongee.fr\/index.php\/wp-json\/wp\/v2\/media?parent=5"}],"curies":[{"name":"wp","href":"https:\/\/api.w.org\/{rel}","templated":true}]}}