{"id":87,"date":"2023-09-06T15:07:01","date_gmt":"2023-09-06T13:07:01","guid":{"rendered":"https:\/\/ed-neptune-plongee.fr\/?page_id=87"},"modified":"2025-11-03T22:43:46","modified_gmt":"2025-11-03T21:43:46","slug":"eau-douce","status":"publish","type":"page","link":"https:\/\/ed-neptune-plongee.fr\/index.php\/eau-douce\/","title":{"rendered":"Eau douce"},"content":{"rendered":"\n<p><strong>Les carnets du plongeur<\/strong><\/p>\n\n\n\n<p>ISBN : 978-2-7466-4299-7<\/p>\n\n\n\n<p>_____<\/p>\n\n\n\n<p>Formulaire de\u00a0<strong><a href=\"https:\/\/www.dropbox.com\/scl\/fi\/5mtaddhcin6dv5cfy7aah\/Formulaire-2020-12-01-Ventes-Rivage-Eponges-ED.pdf?rlkey=ixsdcjfumbcz8c1302ygi2bam&amp;dl=0\">commande<\/a><\/strong><\/p>\n\n\n\n<p>Premi\u00e8re publication au sujet de la biologie des eaux douces vue par les plongeurs. Disponible depuis le15 mars 2012. 416 pages. ISBN : 978-2-7466-4299-7<\/p>\n\n\n\n<p>Cet ouvrage collaboratif trouve sa place entre les publications scientifiques d\u2019une part et les livres \u00e0 destination du grand public d\u2019autre part. Il est principalement destin\u00e9 aux plongeurs subaquatiques fr\u00e9quentant les eaux douces de la France m\u00e9tropolitaine, de la Belgique, du Grand-duch\u00e9 de Luxembourg et de la Suisse.<\/p>\n\n\n\n<p>Le public auquel il est surtout destin\u00e9, les plongeurs, nous a amen\u00e9 \u00e0 traiter les diff\u00e9rentes esp\u00e8ces repr\u00e9sent\u00e9es de sorte qu\u2019elles puissent \u00eatre vues et reconnues en plong\u00e9e. Cela a impliqu\u00e9 entre-autres :<\/p>\n\n\n\n<p>&#8211; de regrouper, parfois artificiellement, des esp\u00e8ces diff\u00e9rentes quand elles sont impossibles \u00e0 distinguer au cours d&rsquo;une plong\u00e9e : c\u2019est le cas par exemple des \u00e9ph\u00e9m\u00e8res qui ont \u00e9t\u00e9 consid\u00e9r\u00e9s au niveau taxonomique \u00ab ordre \u00bb ;<\/p>\n\n\n\n<p>&#8211; d\u2019utiliser une esp\u00e8ce embl\u00e9matique pour repr\u00e9senter tout un groupe : cas de&nbsp;<em>Lyngbya martensiana<\/em> pour les cyanobact\u00e9ries ;<\/p>\n\n\n\n<p>&#8211; d\u2019utiliser une classification simplifi\u00e9e permettant au plongeur cherchant une esp\u00e8ce vue lors d&rsquo;une plong\u00e9e de la retrouver ais\u00e9ment. Il y a donc une cinquantaine de groupes dont, par exemple, les \u00ab plantes subaquatiques \u00bb (compl\u00e8tement immerg\u00e9es). C&rsquo;est un crit\u00e8re parfois subjectif mais qui est simple \u00e0 mettre en \u0153uvre par un plongeur ;<\/p>\n\n\n\n<p>&#8211; d\u2019\u00e9carter des esp\u00e8ces vraisemblablement tr\u00e8s peu visibles lors d\u2019une plong\u00e9e : c\u2019est le cas par exemple de l&rsquo;ablette ;<\/p>\n\n\n\n<p>&#8211; de r\u00e9pondre aux attentes \u00e9voqu\u00e9es par les plongeurs :&nbsp;proposer des photos assez grandes et des \u00ab histoires \u00bb, des anecdotes ;&nbsp;apporter une information pr\u00e9cise permettant d\u2019identifier une esp\u00e8ce ;&nbsp;indiquer le comportement et les particularit\u00e9s d\u2019une esp\u00e8ce.<\/p>\n\n\n\n<figure class=\"wp-block-image size-full\"><img loading=\"lazy\" decoding=\"async\" width=\"630\" height=\"439\" src=\"https:\/\/ed-neptune-plongee.fr\/wp-content\/uploads\/2023\/09\/Couverture-Eau-Douce-ENP-2p.jpg\" alt=\"\" class=\"wp-image-88\" srcset=\"https:\/\/ed-neptune-plongee.fr\/wp-content\/uploads\/2023\/09\/Couverture-Eau-Douce-ENP-2p.jpg 630w, https:\/\/ed-neptune-plongee.fr\/wp-content\/uploads\/2023\/09\/Couverture-Eau-Douce-ENP-2p-300x209.jpg 300w\" sizes=\"auto, (max-width: 630px) 100vw, 630px\" \/><\/figure>\n\n\n\n<figure class=\"wp-block-image size-full is-resized\"><img loading=\"lazy\" decoding=\"async\" width=\"400\" height=\"183\" src=\"https:\/\/ed-neptune-plongee.fr\/wp-content\/uploads\/2023\/09\/pictofichebrochet.jpg\" alt=\"\" class=\"wp-image-89\" style=\"width:608px;height:278px\" srcset=\"https:\/\/ed-neptune-plongee.fr\/wp-content\/uploads\/2023\/09\/pictofichebrochet.jpg 400w, https:\/\/ed-neptune-plongee.fr\/wp-content\/uploads\/2023\/09\/pictofichebrochet-300x137.jpg 300w\" sizes=\"auto, (max-width: 400px) 100vw, 400px\" \/><\/figure>\n\n\n\n<p>Cet ouvrage a \u00e9t\u00e9 r\u00e9alis\u00e9 gr\u00e2ce \u00e0 l&rsquo;aide d&rsquo;un grand nombre de participants : r\u00e9dacteurs, photographes, dessinateurs, graphistes, maquettistes, relecteurs, correcteurs scientifiques et gestionnaires.<\/p>\n","protected":false},"excerpt":{"rendered":"<p>Les carnets du plongeur ISBN : 978-2-7466-4299-7 _____ Formulaire de\u00a0commande Premi\u00e8re publication au sujet de la biologie des eaux douces vue par les plongeurs. Disponible depuis le15 mars 2012. 416 pages. ISBN : 978-2-7466-4299-7 Cet ouvrage collaboratif trouve sa place entre les publications scientifiques d\u2019une part et les livres \u00e0 destination du grand public d\u2019autre [&hellip;]<\/p>\n","protected":false},"author":1,"featured_media":0,"parent":0,"menu_order":0,"comment_status":"closed","ping_status":"closed","template":"","meta":{"footnotes":""},"class_list":["post-87","page","type-page","status-publish","hentry"],"_links":{"self":[{"href":"https:\/\/ed-neptune-plongee.fr\/index.php\/wp-json\/wp\/v2\/pages\/87","targetHints":{"allow":["GET"]}}],"collection":[{"href":"https:\/\/ed-neptune-plongee.fr\/index.php\/wp-json\/wp\/v2\/pages"}],"about":[{"href":"https:\/\/ed-neptune-plongee.fr\/index.php\/wp-json\/wp\/v2\/types\/page"}],"author":[{"embeddable":true,"href":"https:\/\/ed-neptune-plongee.fr\/index.php\/wp-json\/wp\/v2\/users\/1"}],"replies":[{"embeddable":true,"href":"https:\/\/ed-neptune-plongee.fr\/index.php\/wp-json\/wp\/v2\/comments?post=87"}],"version-history":[{"count":3,"href":"https:\/\/ed-neptune-plongee.fr\/index.php\/wp-json\/wp\/v2\/pages\/87\/revisions"}],"predecessor-version":[{"id":159,"href":"https:\/\/ed-neptune-plongee.fr\/index.php\/wp-json\/wp\/v2\/pages\/87\/revisions\/159"}],"wp:attachment":[{"href":"https:\/\/ed-neptune-plongee.fr\/index.php\/wp-json\/wp\/v2\/media?parent=87"}],"curies":[{"name":"wp","href":"https:\/\/api.w.org\/{rel}","templated":true}]}}